{"id":586,"date":"2020-02-22T17:48:03","date_gmt":"2020-02-22T16:48:03","guid":{"rendered":"https:\/\/dlrk-soenderjylland.dk\/?page_id=586"},"modified":"2026-03-25T13:34:48","modified_gmt":"2026-03-25T12:34:48","slug":"586-2","status":"publish","type":"page","link":"https:\/\/dlrk-soenderjylland.dk\/","title":{"rendered":"Regionsledelsen 2026"},"content":{"rendered":"\n<ul class=\"wp-block-list\"><li>Regionsleder  8676 Mogens Torp<\/li><li>Sekret\u00e6r 8026 Carsten Lau Kj\u00e6rgaard<\/li><li>Kasserer 6899 Anders Tommerup<\/li><li>Bestyrelsesmedlem 7019 Rolf Gregers Nielsen<\/li><li>Bestyrelsesmedlem 8934 Kent Rostgaard Johansen<\/li><li><\/li><li>Terr\u00e6n instrukt\u00f8r 5268 Gert Gr\u00f8nvold <\/li><\/ul>\n\n\n\n<p><\/p>\n\n\n\n<p><\/p>\n\n\n\n<p><br> <br> <\/p>\n","protected":false},"excerpt":{"rendered":"<p>Regionsleder 8676 Mogens Torp Sekret\u00e6r 8026 Carsten Lau Kj\u00e6rgaard Kasserer 6899 Anders Tommerup Bestyrelsesmedlem 7019 Rolf Gregers Nielsen Bestyrelsesmedlem 8934 Kent Rostgaard Johansen Terr\u00e6n instrukt\u00f8r 5268 Gert Gr\u00f8nvold<\/p>\n","protected":false},"author":4,"featured_media":0,"parent":0,"menu_order":1,"comment_status":"closed","ping_status":"closed","template":"","meta":{"footnotes":""},"class_list":["post-586","page","type-page","status-publish","hentry"],"_links":{"self":[{"href":"https:\/\/dlrk-soenderjylland.dk\/index.php?rest_route=\/wp\/v2\/pages\/586","targetHints":{"allow":["GET"]}}],"collection":[{"href":"https:\/\/dlrk-soenderjylland.dk\/index.php?rest_route=\/wp\/v2\/pages"}],"about":[{"href":"https:\/\/dlrk-soenderjylland.dk\/index.php?rest_route=\/wp\/v2\/types\/page"}],"author":[{"embeddable":true,"href":"https:\/\/dlrk-soenderjylland.dk\/index.php?rest_route=\/wp\/v2\/users\/4"}],"replies":[{"embeddable":true,"href":"https:\/\/dlrk-soenderjylland.dk\/index.php?rest_route=%2Fwp%2Fv2%2Fcomments&post=586"}],"version-history":[{"count":16,"href":"https:\/\/dlrk-soenderjylland.dk\/index.php?rest_route=\/wp\/v2\/pages\/586\/revisions"}],"predecessor-version":[{"id":1033,"href":"https:\/\/dlrk-soenderjylland.dk\/index.php?rest_route=\/wp\/v2\/pages\/586\/revisions\/1033"}],"wp:attachment":[{"href":"https:\/\/dlrk-soenderjylland.dk\/index.php?rest_route=%2Fwp%2Fv2%2Fmedia&parent=586"}],"curies":[{"name":"wp","href":"https:\/\/api.w.org\/{rel}","templated":true}]}}